{"id":683,"date":"2025-04-29T09:40:39","date_gmt":"2025-04-29T13:40:39","guid":{"rendered":"https:\/\/get.jygatech.com\/accueil-2\/"},"modified":"2025-07-14T08:56:33","modified_gmt":"2025-07-14T12:56:33","slug":"accueil-2","status":"publish","type":"page","link":"https:\/\/get.jygatech.com\/pt-br\/","title":{"rendered":"Accueil"},"content":{"rendered":"","protected":false},"excerpt":{"rendered":"","protected":false},"author":1,"featured_media":0,"parent":0,"menu_order":0,"comment_status":"closed","ping_status":"closed","template":"","meta":{"_acf_changed":false,"_seopress_robots_primary_cat":"","_seopress_titles_title":"","_seopress_titles_desc":"Descubra as solu\u00e7\u00f5es em alimenta\u00e7\u00e3o de precis\u00e3o para todas as fases de produ\u00e7\u00e3o com o GESTAL da Jyga Technologies. Sistemas inovadores e automatizados, desenvolvidos para otimizar desempenho, efici\u00eancia e o bem-estar animal dos su\u00ednos.","_seopress_robots_index":"","footnotes":""},"class_list":["post-683","page","type-page","status-publish","hentry"],"acf":[],"_links":{"self":[{"href":"https:\/\/get.jygatech.com\/pt-br\/wp-json\/wp\/v2\/pages\/683","targetHints":{"allow":["GET"]}}],"collection":[{"href":"https:\/\/get.jygatech.com\/pt-br\/wp-json\/wp\/v2\/pages"}],"about":[{"href":"https:\/\/get.jygatech.com\/pt-br\/wp-json\/wp\/v2\/types\/page"}],"author":[{"embeddable":true,"href":"https:\/\/get.jygatech.com\/pt-br\/wp-json\/wp\/v2\/users\/1"}],"replies":[{"embeddable":true,"href":"https:\/\/get.jygatech.com\/pt-br\/wp-json\/wp\/v2\/comments?post=683"}],"version-history":[{"count":11,"href":"https:\/\/get.jygatech.com\/pt-br\/wp-json\/wp\/v2\/pages\/683\/revisions"}],"predecessor-version":[{"id":740,"href":"https:\/\/get.jygatech.com\/pt-br\/wp-json\/wp\/v2\/pages\/683\/revisions\/740"}],"wp:attachment":[{"href":"https:\/\/get.jygatech.com\/pt-br\/wp-json\/wp\/v2\/media?parent=683"}],"curies":[{"name":"wp","href":"https:\/\/api.w.org\/{rel}","templated":true}]}}